{"id":2610,"date":"2023-09-29T10:45:45","date_gmt":"2023-09-29T08:45:45","guid":{"rendered":"https:\/\/skiracingcamps.ch\/terms-and-conditions\/"},"modified":"2024-10-23T17:26:04","modified_gmt":"2024-10-23T15:26:04","slug":"terms-and-conditions","status":"publish","type":"page","link":"https:\/\/bushcraftcamps.com\/de\/terms-and-conditions\/","title":{"rendered":"Allgemeine Bedingungen und Konditionen"},"content":{"rendered":"\n<h2 class=\"wp-block-heading\">1. Buchungen<\/h2>\n\n<p>Alle Buchungen m\u00fcssen \u00fcber die folgende Adresse erfolgen:<\/p>\n\n<ul class=\"wp-block-list\">\n<li>Der<strong> Ski Zenit Online Shop.<\/strong><\/li>\n\n\n\n<li>E-Mail an: <a href=\"mailto:info@skizenit.ch\">\n  <strong>info@skizenit.ch<\/strong>\n<\/a><\/li>\n\n\n\n<li>Pers\u00f6nlich im <strong>B\u00fcro von Ski Zenit in Saas-Fee<\/strong>.<\/li>\n<\/ul>\n\n<p>\u2713 F\u00fcr jede Buchung sendet Ski Zenit ein Buchungsdokument, in dem alle angemieteten Leistungen, die Preise und eventuelle Erm\u00e4\u00dfigungen oder Gutschriften aufgef\u00fchrt sind.<\/p>\n\n<p>\u2713 Buchungen werden erst nach <strong>Zahlung von 100%<\/strong> des Rechnungsbetrages best\u00e4tigt. Jede Buchung, die nicht <strong>innerhalb von 4 Tagen<\/strong> durch Zahlung des Kunden best\u00e4tigt wird, wird automatisch storniert.<\/p>\n\n<p>\u2713 Zahlungen k\u00f6nnen mit erfolgen:<\/p>\n\n<ul class=\"wp-block-list\">\n<li><strong>Kreditkarte<\/strong> \u00fcber den gesicherten Zahlungslink, den wir per E-Mail mit der Buchung senden.<\/li>\n\n\n\n<li><strong>Kreditkarte<\/strong> Senden Sie Ihre Kartendaten per E-Mail oder geben Sie sie am Telefon an.<\/li>\n\n\n\n<li><strong>Bank\u00fcberweisung<\/strong> mit Zahlung aller Geb\u00fchren durch den Auftraggeber. Ski Zenit muss den Buchungsbetrag in voller H\u00f6he und in Schweizer Franken auf unser Bankkonto erhalten. Bitte mailen Sie uns den \u00dcberweisungsbeleg.<\/li>\n\n\n\n<li><strong>Barzahlungen<\/strong> in Schweizer Franken werden f\u00fcr Buchungen in unserem B\u00fcro akzeptiert.<\/li>\n<\/ul>\n\n<div style=\"height:30px\" aria-hidden=\"true\" class=\"wp-block-spacer\"><\/div>\n\n<h2 class=\"wp-block-heading\">2. Stornierung und R\u00fcckerstattung<\/h2>\n\n<p><strong>\u2713 Wenn Sie Ihre Buchung aus irgendeinem Grund stornieren, wird diese R\u00fcckerstattungsrichtlinie strikt angewendet. Bitte VERSICHERN Sie sich, um Kosten f\u00fcr nicht erstattungsf\u00e4hige Dienstleistungen zu vermeiden, die bei unerwarteten Problemen nicht in Anspruch genommen werden k\u00f6nnen. <\/strong><\/p>\n\n<p>\u2713 Im Falle einer Stornierung durch den Kunden oder aus anderen Gr\u00fcnden, die nicht von Ski Zenit zu vertreten sind, gelten die folgenden R\u00fcckerstattungsbedingungen:<\/p>\n\n<ul class=\"wp-block-list\">\n<li>Bis 4 Wochen vor Anreise: 90% R\u00fcckerstattung, 10% f\u00e4llig (mindestens 20 CHF maximal 300 CHF Annullierungskosten, pro Buchung).<\/li>\n\n\n\n<li>Zwischen 4 Wochen und 7 Tagen vor Anreise: 50% R\u00fcckerstattung. 50% zu zahlen. <\/li>\n\n\n\n<li>7 Tage oder weniger vor Anreise: Keine R\u00fcckerstattung. 100% zahlbar. <\/li>\n<\/ul>\n\n<p>\u2713 Wenn die Stornierung auf einen Grund zur\u00fcckzuf\u00fchren ist, der mit <strong>&#8222;offiziellen Reisebeschr\u00e4nkungen&#8220; (Pandemie, Krieg usw.)<\/strong> zusammenh\u00e4ngt, werden wir eine R\u00fcckerstattung von 90% vornehmen, wobei 10% zu zahlen sind (mindestens 20 CHF, maximal 300 CHF Stornogeb\u00fchr, pro Buchung). Um f\u00fcr diese R\u00fcckerstattung in Frage zu kommen, m\u00fcssen die Kunden einem oder mehreren der folgenden Umst\u00e4nde ausgesetzt sein:<\/p>\n\n<ul class=\"wp-block-list\">\n<li>Ihr Herkunftsland oder ihre Herkunftsregion hat Reisebeschr\u00e4nkungen oder eine Quarant\u00e4ne f\u00fcr zur\u00fcckkehrende Reisende verh\u00e4ngt.  <\/li>\n\n\n\n<li>Der Ort, an dem die Dienstleistungen erbracht werden, hat strenge Beschr\u00e4nkungen (z. B. obligatorische Quarant\u00e4ne) f\u00fcr Reisende, die aus dem Land oder der Region des Kunden kommen, eingef\u00fchrt.<\/li>\n<\/ul>\n\n<p>\u2713 Diese Allgemeinen Gesch\u00e4ftsbedingungen gelten f\u00fcr alle Produkte und Dienstleistungen, die von Ski Zenit bereitgestellt werden. F\u00fcr den Fall, dass eine andere Unterkunft als das Ski Zenit Hotel gebucht wurde, gelten die Allgemeinen Gesch\u00e4ftsbedingungen eines Drittanbieters. <\/p>\n\n<p><strong>\u2713 Wir empfehlen dringend den Abschluss einer Reiser\u00fccktrittsversicherung mit ausreichender Deckung f\u00fcr nicht in Anspruch genommene Leistungen (angeboten von Ski Zenit). Viele Kreditkarten enthalten eine Reiseversicherung, wenn Sie mit ihnen bezahlen. Bitte pr\u00fcfen Sie Ihre Reiseversicherungsbedingungen sorgf\u00e4ltig. Wenn diese die Stornierung Ihrer gebuchten Leistungen bei Ski Zenit nicht abdecken, empfehlen wir Ihnen dringend, dies in Ihre Police aufzunehmen.<\/strong><\/p>\n\n<p>\u2713 Jeder Teilnehmer sollte ausreichend versichert sein, um nicht in Anspruch genommene Leistungen, die aus pers\u00f6nlichen Gr\u00fcnden oder unvorhergesehenen Umst\u00e4nden storniert wurden, zur\u00fcckfordern zu k\u00f6nnen.  <\/p>\n\n<p>\u2713 Kunden, die zu sp\u00e4t oder gar nicht erscheinen, haben KEIN Anrecht auf eine R\u00fcckerstattung oder eine Verl\u00e4ngerung der Sitzungsdauer.<\/p>\n\n<p>\u2713 F\u00fcr den Fall, dass das gesamte Skigebiet aufgrund von technischen Problemen, schlechtem Wetter, Lawinenkontrolle, schlechten Schneeverh\u00e4ltnissen oder aus Gr\u00fcnden, die au\u00dferhalb der Kontrolle von Ski Zenit liegen, geschlossen wird, werden wir uns bem\u00fchen, alternative relevante Aktivit\u00e4ten anzubieten. Die zus\u00e4tzlichen Kosten f\u00fcr diese Aktivit\u00e4ten werden durch die zuvor gezahlten Trainingsgeb\u00fchren abgedeckt, daher wird keine R\u00fcckerstattung f\u00fcr Skitrainingstage gew\u00e4hrt, die aufgrund von Umst\u00e4nden verloren gehen, die au\u00dferhalb der Kontrolle von Ski Zenit liegen. <\/p>\n\n<p>\u2713 Die Verschiebung von bereits gebuchten und best\u00e4tigten Dienstleistungen durch den Kunden unterliegt ausschlie\u00dflich der Verf\u00fcgbarkeit. Im Falle von Situationen, die au\u00dferhalb der Kontrolle von Ski Zenit liegen, behalten wir uns das Recht vor, gebuchte und best\u00e4tigte Dienstleistungen zu verschieben. Ski Zenit wird den Kunden in diesen Situationen immer zum fr\u00fchestm\u00f6glichen Zeitpunkt informieren.  <\/p>\n\n<div style=\"height:30px\" aria-hidden=\"true\" class=\"wp-block-spacer\"><\/div>\n\n<h2 class=\"wp-block-heading\">3. Unfallversicherung und Skipass<\/h2>\n\n<p>Alle Teilnehmer m\u00fcssen \u00fcber eine g\u00fcltige Unfall- und Rettungsversicherung (einschlie\u00dflich Hubschrauberevakuierung) verf\u00fcgen, die die medizinische Behandlung und den Krankenhausaufenthalt in der Schweiz, in Chile oder in einem anderen Land, in dem unsere Dienstleistungen erbracht werden, sowie gegebenenfalls den R\u00fccktransport abdeckt.<\/p>\n\n<p>\u2713 Diese Versicherung muss die von Ski Zenit angebotene Aktivit\u00e4t abdecken.<\/p>\n\n<p>\u2713 Eine Haftpflichtversicherung f\u00fcr Unf\u00e4lle wird dringend empfohlen, um eventuelle Sch\u00e4den abzudecken.<\/p>\n\n<p>\u2713 Eine Reiser\u00fccktrittsversicherung wird ebenfalls dringend empfohlen, um bestimmte von Ski Zenit erbrachte Leistungen abzudecken, die storniert werden und kein Recht auf eine vollst\u00e4ndige R\u00fcckerstattung haben.<\/p>\n\n<p>\u2713 Die Versicherung muss auch alle Arten von Indoor- und Outdoor-Sportarten abdecken.<\/p>\n\n<p>\u2713 Die Ski Zenit Skitrainingsleistungen beinhalten nicht den erforderlichen Skipass und die Ausr\u00fcstung im angegebenen Preis. Diese muss zus\u00e4tzlich vom Kunden erworben werden. <\/p>\n\n<div style=\"height:30px\" aria-hidden=\"true\" class=\"wp-block-spacer\"><\/div>\n\n<h2 class=\"wp-block-heading\">4. Ausr\u00fcstung<\/h2>\n\n<p>\u2713 Bestimmte von Ski Zenit angebotene Dienstleistungen erfordern eine spezielle Ausr\u00fcstung, die nicht im Tagespreis enthalten ist. Ski Zenit sendet Ihnen eine Liste mit der ben\u00f6tigten Ausr\u00fcstung zu und unsere Mitarbeiter informieren die Teilnehmer im Voraus \u00fcber die f\u00fcr das Training ben\u00f6tigte Ausr\u00fcstung. <\/p>\n\n<p><strong>\u2713 Ein Helm und ein R\u00fcckenprotektor sind obligatorisch, um an einem unserer Skirenntrainings teilnehmen zu k\u00f6nnen. R\u00fcckenprotektoren sind f\u00fcr den Skischulunterricht nicht verpflichtend. Ski Zenit haftet in keinem Fall f\u00fcr Sch\u00e4den, die ein Teilnehmer erleiden kann, wenn er nicht die richtige empfohlene Sicherheitsausr\u00fcstung tr\u00e4gt.  <\/strong><\/p>\n\n<p>\u2713 Die Mitarbeiter von Ski Zenit k\u00f6nnen bei Bedarf beim Kauf und der Vermietung von Rennausr\u00fcstung behilflich sein. Bei Eink\u00e4ufen m\u00fcssen diese vorbestellt werden und die Kosten sind als Extra in der Buchung enthalten und m\u00fcssen vom Kunden im Voraus bezahlt werden. Bei Anmietungen m\u00fcssen die Kunden direkt im Vermietungsgesch\u00e4ft bezahlen.  <\/p>\n\n<div style=\"height:30px\" aria-hidden=\"true\" class=\"wp-block-spacer\"><\/div>\n\n<h2 class=\"wp-block-heading\">5. Sicherheit<\/h2>\n\n<p>\u2713 Die Mitarbeiter von Ski Zenit sind an die gesetzlichen Verpflichtungen gebunden und halten sich jederzeit an die FIS-Vorschriften, die Warnungen der Skigebiete und deren berufliche Grenzen. Sicherheit steht an erster Stelle. <\/p>\n\n<p>\u2713 Alle Mitarbeiter von Ski Zenit werden im Falle eines Unfalls, einer Krankheit oder anderer unvorhergesehener Umst\u00e4nde bei den vom Unternehmen organisierten Aktivit\u00e4ten\/Dienstleistungen die bestm\u00f6glichen Ma\u00dfnahmen ergreifen.<\/p>\n\n<div style=\"height:30px\" aria-hidden=\"true\" class=\"wp-block-spacer\"><\/div>\n\n<h2 class=\"wp-block-heading\">6. Haftung<\/h2>\n\n<p>\u2713 Die Kunden, die an den von Ski Zenit angebotenen Aktivit\u00e4ten\/Dienstleistungen teilnehmen, haften f\u00fcr alle Unf\u00e4lle, die sie verursachen k\u00f6nnten.<\/p>\n\n<p>\u2713 Ski Zenit verf\u00fcgt \u00fcber eine Betriebshaftpflichtversicherung nach Schweizer Recht.<\/p>\n\n<p>\u2713 Im Falle von Streitigkeiten ist der Gerichtsstand Sitten und es gilt Schweizer Recht.  <\/p>\n\n<div style=\"height:30px\" aria-hidden=\"true\" class=\"wp-block-spacer\"><\/div>\n\n<h2 class=\"wp-block-heading\">7. Minderj\u00e4hrige Minderj\u00e4hrige<\/h2>\n\n<p>\u2713 Die Mitarbeiter von Ski Zenit haben eine F\u00fcrsorgepflicht gegen\u00fcber minderj\u00e4hrigen Minderj\u00e4hrigen, w\u00e4hrend sie an allen Trainings- und Camp-Aktivit\u00e4ten teilnehmen. Dazu geh\u00f6ren unter anderem Unf\u00e4lle oder Krankheiten, disziplinarische Probleme, Sicherheitsbedenken und das allgemeine Wohlbefinden des Athleten. Ski Zenit beh\u00e4lt sich das Recht vor, jeden Teilnehmer aufzufordern, das Camp zu verlassen, wenn er sich nicht an die Hausordnung von Ski Zenit und das w\u00e4hrend des Trainings\/Camps erwartete angemessene Verhalten h\u00e4lt.  <\/p>\n\n<div style=\"height:30px\" aria-hidden=\"true\" class=\"wp-block-spacer\"><\/div>\n\n<h2 class=\"wp-block-heading\">8. Organisation von Gruppen<\/h2>\n\n<p>\u2713 Die Gruppen haben eine Mindest- und H\u00f6chstzahl von Teilnehmern (je nach Dienst\/Aktivit\u00e4t), die ein \u00e4hnliches Alter und Niveau haben.<\/p>\n\n<p>\u2713 Wenn 3 oder weniger Teilnehmer \u00e4hnlichen Alters und Niveaus zusammen in der Gruppe sind, werden zus\u00e4tzliche Geb\u00fchren f\u00e4llig.<\/p>\n\n<p>\u2713 Das Ski-Privattraining ist maximal 3 Teilnehmer \u00e4hnlichen Alters und Skiniveaus pro Trainer. Wenn es mehr als 3 Teilnehmer gleichen Alters und Skiniveaus gibt, gelten die Preise f\u00fcr gemeinsame private Trainings. <\/p>\n\n<p>\u2713 Langfristige Ausbildungsprogramme werden von Fall zu Fall je nach Teilnehmerzahl bepreist.<\/p>\n\n<p>\u2713 Die Reisekosten (von Skisportlern und Trainern) f\u00fcr Training und Rennen in anderen Orten als Saas-Fee oder Val d&#8217;Anniviers sind nicht im Preis inbegriffen und m\u00fcssen vom Kunden separat bezahlt werden.<\/p>\n\n<p>\u2713 Gruppen, Zeitpl\u00e4ne und Aktivit\u00e4ten werden von den Mitarbeitern von Ski Zenit organisiert und festgelegt. Die Organisation der Gruppen basiert auf einer Reihe von Faktoren, einschlie\u00dflich, aber nicht beschr\u00e4nkt auf Alter und F\u00e4higkeiten oder Erfahrung. <\/p>\n","protected":false},"excerpt":{"rendered":"<p>1. Buchungen Alle Buchungen m\u00fcssen \u00fcber die folgende Adresse erfolgen: \u2713 F\u00fcr jede Buchung sendet Ski Zenit ein Buchungsdokument, in dem alle angemieteten Leistungen, die Preise und eventuelle Erm\u00e4\u00dfigungen oder Gutschriften aufgef\u00fchrt sind. \u2713 Buchungen werden erst nach Zahlung von 100% des Rechnungsbetrages best\u00e4tigt. Jede Buchung, die nicht innerhalb von 4 Tagen durch Zahlung des &#8230; <a title=\"Allgemeine Bedingungen und Konditionen\" class=\"read-more\" href=\"https:\/\/bushcraftcamps.com\/de\/terms-and-conditions\/\" aria-label=\"Mehr Informationen \u00fcber Allgemeine Bedingungen und Konditionen\">Weiterlesen &#8230;<\/a><\/p>\n","protected":false},"author":4,"featured_media":0,"parent":0,"menu_order":0,"comment_status":"closed","ping_status":"closed","template":"","meta":{"inline_featured_image":false,"_kad_blocks_custom_css":"","_kad_blocks_head_custom_js":"","_kad_blocks_body_custom_js":"","_kad_blocks_footer_custom_js":"","_mbp_gutenberg_autopost":false,"_joinchat":[],"footnotes":""},"class_list":["post-2610","page","type-page","status-publish"],"taxonomy_info":[],"featured_image_src_large":false,"author_info":{"display_name":"Wajari Vel\u00e1squez Fern\u00e1ndez","author_link":"https:\/\/bushcraftcamps.com\/de\/author\/wajari\/"},"comment_info":0,"_links":{"self":[{"href":"https:\/\/bushcraftcamps.com\/de\/wp-json\/wp\/v2\/pages\/2610","targetHints":{"allow":["GET"]}}],"collection":[{"href":"https:\/\/bushcraftcamps.com\/de\/wp-json\/wp\/v2\/pages"}],"about":[{"href":"https:\/\/bushcraftcamps.com\/de\/wp-json\/wp\/v2\/types\/page"}],"author":[{"embeddable":true,"href":"https:\/\/bushcraftcamps.com\/de\/wp-json\/wp\/v2\/users\/4"}],"replies":[{"embeddable":true,"href":"https:\/\/bushcraftcamps.com\/de\/wp-json\/wp\/v2\/comments?post=2610"}],"version-history":[{"count":5,"href":"https:\/\/bushcraftcamps.com\/de\/wp-json\/wp\/v2\/pages\/2610\/revisions"}],"predecessor-version":[{"id":5510,"href":"https:\/\/bushcraftcamps.com\/de\/wp-json\/wp\/v2\/pages\/2610\/revisions\/5510"}],"wp:attachment":[{"href":"https:\/\/bushcraftcamps.com\/de\/wp-json\/wp\/v2\/media?parent=2610"}],"curies":[{"name":"wp","href":"https:\/\/api.w.org\/{rel}","templated":true}]}}