{"id":2625,"date":"2023-09-29T12:35:57","date_gmt":"2023-09-29T10:35:57","guid":{"rendered":"https:\/\/skiracingcamps.ch\/cookies-policy\/"},"modified":"2024-10-23T17:23:24","modified_gmt":"2024-10-23T15:23:24","slug":"cookies-policy","status":"publish","type":"page","link":"https:\/\/bushcraftcamps.com\/de\/cookies-policy\/","title":{"rendered":"Cookie-Richtlinie"},"content":{"rendered":"\n<h1 class=\"wp-block-heading\">Richtlinien-Cookies<\/h1>\n\n<p><strong>Cookies, web analysis services and social media.<\/strong><\/p>\n\n<p>Wir m\u00f6chten, dass Sie auf unserer Website eine gute Erfahrung machen und verwenden daher Cookies, Webanalysedienste und Social-Media-Plug-ins gem\u00e4\u00df Art. 6 Abs. 1 f DSGVO. <\/p>\n\n<p>Zu diesem Zweck verwenden wir verschiedene Cookies und Dienste, um die volle Funktionalit\u00e4t unserer Website zu gew\u00e4hrleisten und diese f\u00fcr Sie so informativ und benutzerfreundlich wie m\u00f6glich zu gestalten. Es ist uns wichtig, dass Sie problemlos auf unserer Website surfen k\u00f6nnen, daher legen wir gro\u00dfen Wert auf kontinuierliche Verbesserungen. Dazu geh\u00f6rt, dass Sie Ihre Einstellungen und vorausgef\u00fcllten Formulare speichern, damit Sie nicht immer wieder dieselben Daten eingeben m\u00fcssen. Uns ist es auch wichtig, dass Sie nur Inhalte sehen, die Sie wirklich interessieren und die Ihr Online-Erlebnis erleichtern w\u00fcrden.   <\/p>\n\n<p>Wir werden jedoch nicht vergessen, mit Ihren personenbezogenen Daten sorgsam umzugehen. Im Folgenden finden Sie detaillierte Informationen \u00fcber die Verwendung von Cookies und Dienste, die auf dieser Website betrieben werden. Selbstverst\u00e4ndlich k\u00f6nnen Sie alle Cookies und Dienste deaktivieren, wenn Sie dies w\u00fcnschen. Sie k\u00f6nnen dies entweder tun, indem Sie Cookies \u00fcber Ihren Internetbrowser blockieren oder l\u00f6schen oder sie separat deaktivieren, indem Sie ein Opt-Out-Cookie installieren oder einem Link folgen. Bitte denken Sie daran, dass die Deaktivierung f\u00fcr alle Browser, die Sie verwenden, erforderlich ist. Wenn Sie alle Cookies in Ihrem Browser l\u00f6schen, wirkt sich dies auch auf das Opt-Out-Cookie aus.     <\/p>\n\n<p><strong>Functional cookies.<\/strong><\/p>\n\n<p>Cookies sind kleine Textdateien, die von den von Ihnen besuchten Seiten auf Ihrem Computer abgelegt werden und die es erm\u00f6glichen, von Ihnen vorgenommene Einstellungen oder andere \u00c4nderungen bei Ihrem n\u00e4chsten Besuch wiederherzustellen.<\/p>\n\n<p>Diese funktionalen Cookies stellen sicher, dass unsere Website ordnungsgem\u00e4\u00df funktioniert. Diese Cookies werden maximal zwei Jahre gespeichert \u2013 danach werden sie automatisch gel\u00f6scht. Folgende Funktionen sind mit diesen Cookies m\u00f6glich:  <\/p>\n\n<ul class=\"wp-block-list\">\n<li>Speichern von Produkten, die Sie in den Warenkorb gelegt oder auf Ihrer Wunschliste gespeichert haben,<\/li>\n\n\n\n<li>Speicherung von Daten, die Sie w\u00e4hrend des Bezahlvorgangs oder w\u00e4hrend einer Bestellung eingegeben haben, damit Sie diese nicht erneut eingeben m\u00fcssen,<\/li>\n\n\n\n<li>Speichern von Einstellungen wie Sprache, Standort, Anzahl der Suchergebnisse usw.<\/li>\n\n\n\n<li>saving settings for optimum video display, e.g. the desired buffer size and your screen\u2019s resolution,<\/li>\n\n\n\n<li>recording your browser settings to allow our website to be displayed optimally,<\/li>\n\n\n\n<li>recognising misuse of our websites and services, e.g. by recording numerous consecutive or failed attempts to register,<\/li>\n\n\n\n<li>loading the website in full so that the website remains accessible,<\/li>\n\n\n\n<li>saving your login data so that you do not need to enter it again each time,<\/li>\n<\/ul>\n\n<p>Sie k\u00f6nnen die Speicherung dieser Cookies verhindern oder bereits gespeicherte Cookies l\u00f6schen. Genauere Informationen erhalten Sie beim Hersteller oder in der Hilfe Ihres Internetbrowsers. Wir weisen Sie darauf hin, dass einige Funktionen unserer Website entweder nicht mehr oder nur eingeschr\u00e4nkt zur Verf\u00fcgung stehen, wenn Sie diese funktionalen Cookies nicht zulassen.  <\/p>\n\n<p><strong>Analysis services for statistical purposes.<\/strong><\/p>\n\n<p>Um festzustellen, welche Inhalte auf unserer Website f\u00fcr Sie am attraktivsten sind, \u00fcberwachen wir kontinuierlich die Anzahl der Besucher und die am h\u00e4ufigsten angesehenen Inhalte. Wir verwenden die von uns gesammelten Daten zu statistischen Zwecken, wie z. B.: <\/p>\n\n<ul class=\"wp-block-list\">\n<li>Erfassung der Anzahl der Besucher unserer Websites,<\/li>\n\n\n\n<li>Aufzeichnung der Zeit, die Besucher auf unserer Website verbringen,<\/li>\n\n\n\n<li>Aufzeichnung der Reihenfolge der Besuche auf den verschiedenen Websites,<\/li>\n\n\n\n<li>Feststellung, welche Teile unserer Website ge\u00e4ndert oder optimiert werden m\u00fcssen.<\/li>\n<\/ul>\n\n<p>Wir verwenden die folgenden Dienste zu statistischen Zwecken; Sie k\u00f6nnen diese deaktivieren, indem Sie ein Opt-Out-Cookie installieren oder einem Link folgen:<\/p>\n\n<p><strong>Google Analytics.<\/strong><\/p>\n\n<p>Google Analytics ist ein Webanalysedienst der Google Inc., 1600 Amphitheatre Parkway Mountain View, CA 94043, USA. Google Analytics verwendet Cookies, um dem Websitebetreiber eine Analyse der Benutzung der Website durch die Nutzer zu erm\u00f6glichen. Die durch den Cookie erzeugten Informationen \u00fcber Ihre Benutzung dieser Website werden in der Regel an einen Server von Google in den USA \u00fcbertragen und dort gespeichert. Google wird Ihre IP-Adresse innerhalb von Mitgliedstaaten der Europ\u00e4ischen Union oder in anderen Vertragsstaaten des Abkommens \u00fcber den Europ\u00e4ischen Wirtschaftsraum zuvor k\u00fcrzen. Nur in Ausnahmef\u00e4llen wird die volle IP-Adresse an einen Server von Google in den USA \u00fcbertragen und dort gek\u00fcrzt. Die im Rahmen von Google Analytics von Ihrem Browser \u00fcbermittelte IP-Adresse wird nicht mit anderen Daten von Google zusammengef\u00fchrt. Die gespeicherten Cookies von Google Analytics werden nach 14 Monaten automatisch gel\u00f6scht.      <\/p>\n\n<p>Weitere Informationen zu Nutzungsbedingungen und Datenschutz finden Sie unter <a href=\"https:\/\/www.google.com\/analytics\/terms\/gb.html\" rel=\"noopener\">https:\/\/www.google.com\/analytics\/terms\/gb.html<\/a> und <a href=\"https:\/\/policies.google.com\/?hl=en\" rel=\"noopener\">https:\/\/policies.google.com\/?hl=en<\/a><\/p>\n\n<p>Um Google Analytics zu deaktivieren, klicken Sie auf den folgenden Link, um ein Browser-Plugin herunterzuladen und zu installieren:<a href=\"https:\/\/tools.google.com\/dlpage\/gaoptout?hl=en\" rel=\"noopener\">https:\/\/tools.google.com\/dlpage\/gaoptout?hl=en<\/a><\/p>\n\n<p>Sie k\u00f6nnen sich auch von diesen Cookies, die durch den in die Website integrierten sogenannten Google Tag Manager ausgel\u00f6st werden, abmelden, klicken Sie bitte hier: Opt Out.Damit erhalten Sie eine Opt-Out-M\u00f6glichkeit f\u00fcr alle Google Tag Manager Tags, die auf einem Cookie basieren.<\/p>\n\n<p><strong>Marketing services.<\/strong><\/p>\n\n<p>Wir nutzen Marketing-Services, um Ihnen attraktive Angebote und Angebote Dritter anzuzeigen. Dies bedeutet, dass wir Werbung \u00fcber Werbepartner oder Werbenetzwerke schalten, die Cookies von Drittanbietern verwenden. Diese werden aktiviert, wenn Sie unsere Website besuchen und nur vom jeweiligen Werbepartner gelesen. Wir m\u00f6chten Ihnen auch nur Anzeigen zeigen, die Sie wirklich ansprechend finden. Zu diesem Zweck verwenden wir auf unserer Website Retargeting, um sicherzustellen, dass die Anzeigen Ihren Interessen entsprechen. Die hierf\u00fcr tempor\u00e4r gespeicherten Cookies erm\u00f6glichen es unseren Retargeting-Partnern, Besucher unserer Website unter einem Pseudonym wiederzuerkennen und nur Produkte anzuzeigen, die unsere Besucher interessieren w\u00fcrden.     <\/p>\n\n<p>In den Cookies unserer Retargeting-Partner werden keine personenbezogenen oder sensiblen Daten gespeichert. Und die gesammelten Daten werden nicht mit Daten zusammengef\u00fchrt, die eine Identifizierung unserer Besucher erm\u00f6glichen. <\/p>\n\n<p>Die Dienstleistungen erm\u00f6glichen es uns beispielsweise:<\/p>\n\n<ul class=\"wp-block-list\">\n<li>um den Erfolg und die Kosten f\u00fcr die Werbung zwischen Werbepartnern und uns zu messen,  <\/li>\n\n\n\n<li>um zu verfolgen, welche Anzeigen Sie bereits gesehen haben, um zu vermeiden, dass dieselben Anzeigen erneut angezeigt werden,  <\/li>\n\n\n\n<li>um zu sehen, wie oft unsere Website aufgerufen wird,<\/li>\n\n\n\n<li>to track internal search requests,<\/li>\n\n\n\n<li>um zu sehen, welche Produktseiten aufgerufen werden oder um Ihren Login-Status zu erkennen.<\/li>\n<\/ul>\n\n<p>Wir m\u00f6chten Sie jedoch darauf hinweisen, dass Ihnen auch dann Werbung angezeigt wird, wenn Sie diese Dienste zu Marketingzwecken deaktivieren. Diese Anzeigen k\u00f6nnen z.B. an den Inhalt der Website angepasst werden. Sie k\u00f6nnten diese Art von Inhalten \u2013 abh\u00e4ngig von Internetwerbung \u2013 mit TV-Werbung vergleichen \u2013 wenn Sie eine Fernsehsendung \u00fcber das Kochen sehen, sehen Sie in den Werbepausen oft eine Werbung f\u00fcr Kochprodukte.  <\/p>\n\n<p>Wir nutzen die folgenden Dienste zu Marketingzwecken; Sie k\u00f6nnen diese deaktivieren, indem Sie ein Opt-Out-Cookie installieren oder einem Link folgen:<\/p>\n\n<p><strong>Facebook &#8222;Besucher-Aktions-Pixel&#8220;<\/strong>Das &#8222;Besucheraktions-Pixel&#8220; ist ein Tool der Facebook Inc., 1601 Willow Road, Menlo Park, CA 94025, USA. Anhand der Website-Besuche und des Surfverhaltens k\u00f6nnen wir mit diesem Tool Zielgruppen f\u00fcr Werbung auf Facebook, sogenannte &#8222;Facebook-Ads&#8220;, ermitteln. Wir verwenden dieses Tool auch, um die Effektivit\u00e4t von Online-Marketing-Aktivit\u00e4ten zu messen. So k\u00f6nnen wir die Aktionen der Nutzer verfolgen, nachdem sie eine Facebook-Anzeige angesehen und\/oder angeklickt und dann eine Bestellung aufgegeben haben. Sobald Sie auf die Website gelangen, wird das Pixel direkt von Facebook eingebunden und kann ein Cookie auf Ihrem Ger\u00e4t speichern. Wenn Sie sich anschlie\u00dfend bei Facebook anmelden oder bereits bei Facebook eingeloggt sind, wird Ihr Website-Besuch in Ihrem Profil vermerkt. Die erhobenen Daten bleiben anonym, was bedeutet, dass wir weder personenbezogene Daten einzelner Nutzer einsehen noch mit anderen Informationen \u00fcber einen Nutzer in Verbindung bringen k\u00f6nnen. Diese Daten werden jedoch von Facebook gespeichert und verarbeitet, so dass ein R\u00fcckschluss auf das jeweilige Nutzerprofil m\u00f6glich ist. Die Datenverarbeitung durch Facebook erfolgt in \u00dcbereinstimmung mit der Datenverwendungsrichtlinie von Facebook. Wenn Sie kein Mitglied von Facebook sind, sind Sie von dieser Datenverarbeitung nicht betroffen.         <\/p>\n\n<p><strong>Social media plug-ins.<\/strong><\/p>\n\n<p>Unsere Website bietet Ihnen Social-Media-Plug-ins von verschiedenen Social-Media-Seiten an, damit Sie sich mit Ihren Social-Media-Kan\u00e4len verbinden k\u00f6nnen. Diese Plug-ins sind mit einem Logo oder den Worten &#8222;Social Plug-in&#8220; gekennzeichnet. Die Einbindung der Plug-ins erfolgt \u00fcber AddThis.com, einen Dienst der Oracle America Inc., 500 Oracle Parkway, Redwood Shores, CA 94065, USA.  <\/p>\n\n<p>Erst mit einem zweiten Klick auf die Social Media Plug-ins k\u00f6nnen Sie die Verbreitungsfunktion (wie &#8222;Like-Button&#8220;) vollumf\u00e4nglich nutzen. Wenn Sie Mitglied eines sozialen Netzwerks sind und auf das entsprechende Social Plug-in klicken, kann der Anbieter des sozialen Netzwerks m\u00f6glicherweise Informationen \u00fcber Ihren Besuch auf unserer Website mit Ihren dortigen Profildaten verkn\u00fcpfen. Bitte informieren Sie sich \u00fcber diese Funktionalit\u00e4ten bei den Anbietern der von Ihnen genutzten sozialen Netzwerke.  <\/p>\n\n<p>Auf unserer Website sind folgende Social-Media-Plug-ins integriert:<\/p>\n\n<ul class=\"wp-block-list\">\n<li><strong>Facebook Gef\u00e4llt mir \/ Teilen-Button<\/strong> Anbieter: Facebook Inc., 1601 Willow Road, Menlo Park, CA 94025, USA <a href=\"https:\/\/www.facebook.com\/legal\/FB_Work_Privacy\" rel=\"noopener\">Datenschutzerkl\u00e4rung Facebook<\/a><\/li>\n\n\n\n<li><strong>Google+-Schaltfl\u00e4che<\/strong> Anbieter: Google Inc., 1600 Amphitheatre Parkway Mountain View, CA 94043, USA <a href=\"https:\/\/policies.google.com\/privacy\" rel=\"noopener\">Datenschutzerkl\u00e4rung Google+<\/a><\/li>\n\n\n\n<li><strong>Instragram Social Plugin<\/strong> Anbieter: Instagram LLC, 1601 Willow Road, Menlo Park, CA 94025, USA <a href=\"https:\/\/help.instagram.com\/155833707900388\" rel=\"noopener\">Datenschutzerkl\u00e4rung Instragram<\/a><\/li>\n\n\n\n<li><strong>Twitter Tweet-Schaltfl\u00e4che<\/strong> Anbieter: Twitter Inc., 1355 Market Street, Suite 900, San Francisco, CA 94103, USA <a href=\"https:\/\/twitter.com\/de\/privacy\" rel=\"noopener\">Datenschutzerkl\u00e4rung Twitter<\/a><\/li>\n\n\n\n<li><strong>YouTube Social Plugin<\/strong> Anbieter: YouTube LLC, 901 Cherry Ave., San Bruno, CA 94066, USA <a href=\"https:\/\/support.google.com\/youtube\/answer\/7671399?p=privacy_guidelines&amp;hl=de&amp;visit_id=0-636626849582267215-2157880719&amp;rd=1\" rel=\"noopener\">Datenschutzerkl\u00e4rung YouTube<\/a><\/li>\n<\/ul>\n","protected":false},"excerpt":{"rendered":"<p>Richtlinien-Cookies Cookies, web analysis services and social media. Wir m\u00f6chten, dass Sie auf unserer Website eine gute Erfahrung machen und verwenden daher Cookies, Webanalysedienste und Social-Media-Plug-ins gem\u00e4\u00df Art. 6 Abs. 1 f DSGVO. Zu diesem Zweck verwenden wir verschiedene Cookies und Dienste, um die volle Funktionalit\u00e4t unserer Website zu gew\u00e4hrleisten und diese f\u00fcr Sie so &#8230; <a title=\"Cookie-Richtlinie\" class=\"read-more\" href=\"https:\/\/bushcraftcamps.com\/de\/cookies-policy\/\" aria-label=\"Mehr Informationen \u00fcber Cookie-Richtlinie\">Weiterlesen &#8230;<\/a><\/p>\n","protected":false},"author":4,"featured_media":0,"parent":0,"menu_order":0,"comment_status":"closed","ping_status":"closed","template":"","meta":{"inline_featured_image":false,"_kad_blocks_custom_css":"","_kad_blocks_head_custom_js":"","_kad_blocks_body_custom_js":"","_kad_blocks_footer_custom_js":"","_mbp_gutenberg_autopost":false,"_joinchat":[],"footnotes":""},"class_list":["post-2625","page","type-page","status-publish"],"taxonomy_info":[],"featured_image_src_large":false,"author_info":{"display_name":"Wajari Vel\u00e1squez Fern\u00e1ndez","author_link":"https:\/\/bushcraftcamps.com\/de\/author\/wajari\/"},"comment_info":0,"_links":{"self":[{"href":"https:\/\/bushcraftcamps.com\/de\/wp-json\/wp\/v2\/pages\/2625","targetHints":{"allow":["GET"]}}],"collection":[{"href":"https:\/\/bushcraftcamps.com\/de\/wp-json\/wp\/v2\/pages"}],"about":[{"href":"https:\/\/bushcraftcamps.com\/de\/wp-json\/wp\/v2\/types\/page"}],"author":[{"embeddable":true,"href":"https:\/\/bushcraftcamps.com\/de\/wp-json\/wp\/v2\/users\/4"}],"replies":[{"embeddable":true,"href":"https:\/\/bushcraftcamps.com\/de\/wp-json\/wp\/v2\/comments?post=2625"}],"version-history":[{"count":5,"href":"https:\/\/bushcraftcamps.com\/de\/wp-json\/wp\/v2\/pages\/2625\/revisions"}],"predecessor-version":[{"id":5506,"href":"https:\/\/bushcraftcamps.com\/de\/wp-json\/wp\/v2\/pages\/2625\/revisions\/5506"}],"wp:attachment":[{"href":"https:\/\/bushcraftcamps.com\/de\/wp-json\/wp\/v2\/media?parent=2625"}],"curies":[{"name":"wp","href":"https:\/\/api.w.org\/{rel}","templated":true}]}}